{"id":145,"date":"2017-11-26T12:32:11","date_gmt":"2017-11-26T11:32:11","guid":{"rendered":"http:\/\/klairielionaki.com\/fr\/?page_id=145"},"modified":"2020-08-26T14:55:37","modified_gmt":"2020-08-26T12:55:37","slug":"main-page","status":"publish","type":"page","link":"http:\/\/klairielionaki.com\/fr\/","title":{"rendered":""},"content":{"rendered":"\n<div class=\"wp-container-4 wp-block-group\"><div class=\"wp-block-group__inner-container\">\n<div class=\"wp-container-1 wp-block-group\"><div class=\"wp-block-group__inner-container\"><\/div><\/div>\n\n\n\n<div class=\"wp-container-2 wp-block-group\"><div class=\"wp-block-group__inner-container\">\n<div class=\"wp-block-image\"><figure class=\"alignleft\"><a href=\"http:\/\/klairielionaki.com\/fr\/project-type\/pieces\/\"><img data-attachment-id=\"316\" data-permalink=\"http:\/\/klairielionaki.com\/fr\/main-page\/prkmatik_r-24-c300label3\/\" data-orig-file=\"https:\/\/i0.wp.com\/klairielionaki.com\/fr\/wp-content\/uploads\/2017\/11\/prkmatik_r-24-c300label3.jpg?fit=300%2C240\" data-orig-size=\"300,240\" data-comments-opened=\"0\" data-image-meta=\"{&quot;aperture&quot;:&quot;0&quot;,&quot;credit&quot;:&quot;&quot;,&quot;camera&quot;:&quot;&quot;,&quot;caption&quot;:&quot;&quot;,&quot;created_timestamp&quot;:&quot;0&quot;,&quot;copyright&quot;:&quot;&quot;,&quot;focal_length&quot;:&quot;0&quot;,&quot;iso&quot;:&quot;0&quot;,&quot;shutter_speed&quot;:&quot;0&quot;,&quot;title&quot;:&quot;&quot;,&quot;orientation&quot;:&quot;1&quot;}\" data-image-title=\"prkmatik_r-24-c300+label3\" data-image-description=\"\" data-image-caption=\"\" data-medium-file=\"https:\/\/i0.wp.com\/klairielionaki.com\/fr\/wp-content\/uploads\/2017\/11\/prkmatik_r-24-c300label3.jpg?fit=300%2C240\" data-large-file=\"https:\/\/i0.wp.com\/klairielionaki.com\/fr\/wp-content\/uploads\/2017\/11\/prkmatik_r-24-c300label3.jpg?fit=300%2C240\" loading=\"lazy\" width=\"300\" height=\"240\" src=\"https:\/\/i0.wp.com\/klairielionaki.com\/fr\/wp-content\/uploads\/2017\/11\/prkmatik_r-24-c300label3.jpg?resize=300%2C240\" alt=\"\" class=\"wp-image-316\" title=\"pi\u00e8ces de th\u00e9\u00e2tre\" data-recalc-dims=\"1\"><\/a><\/figure><\/div>\n<\/div><\/div>\n\n\n\n<div class=\"wp-block-image\"><figure class=\"alignleft\"><a href=\"http:\/\/klairielionaki.com\/fr\/project-type\/publications\/\"><img data-attachment-id=\"317\" data-permalink=\"http:\/\/klairielionaki.com\/fr\/main-page\/brand07-2011-coverscan-5x4-spubl\/\" data-orig-file=\"https:\/\/i0.wp.com\/klairielionaki.com\/fr\/wp-content\/uploads\/2017\/11\/Brand07-2011-coverscan-5x4-spubl.png?fit=300%2C240\" data-orig-size=\"300,240\" data-comments-opened=\"0\" data-image-meta=\"{&quot;aperture&quot;:&quot;0&quot;,&quot;credit&quot;:&quot;&quot;,&quot;camera&quot;:&quot;&quot;,&quot;caption&quot;:&quot;&quot;,&quot;created_timestamp&quot;:&quot;0&quot;,&quot;copyright&quot;:&quot;&quot;,&quot;focal_length&quot;:&quot;0&quot;,&quot;iso&quot;:&quot;0&quot;,&quot;shutter_speed&quot;:&quot;0&quot;,&quot;title&quot;:&quot;&quot;,&quot;orientation&quot;:&quot;0&quot;}\" data-image-title=\"Brand07-2011-coverscan-5&#215;4-s+publ\" data-image-description=\"\" data-image-caption=\"\" data-medium-file=\"https:\/\/i0.wp.com\/klairielionaki.com\/fr\/wp-content\/uploads\/2017\/11\/Brand07-2011-coverscan-5x4-spubl.png?fit=300%2C240\" data-large-file=\"https:\/\/i0.wp.com\/klairielionaki.com\/fr\/wp-content\/uploads\/2017\/11\/Brand07-2011-coverscan-5x4-spubl.png?fit=300%2C240\" loading=\"lazy\" width=\"300\" height=\"240\" src=\"https:\/\/i0.wp.com\/klairielionaki.com\/fr\/wp-content\/uploads\/2017\/11\/Brand07-2011-coverscan-5x4-spubl.png?resize=300%2C240\" alt=\"\" class=\"wp-image-317\" data-recalc-dims=\"1\"><\/a><\/figure><\/div>\n\n\n\n<div class=\"wp-container-3 wp-block-group\"><div class=\"wp-block-group__inner-container\">\n<div class=\"wp-block-image\"><figure class=\"alignleft\"><a href=\"http:\/\/klairielionaki.com\/fr\/project-type\/productions\/\"><img data-attachment-id=\"319\" data-permalink=\"http:\/\/klairielionaki.com\/fr\/main-page\/web_realite-5x4-slabel\/\" data-orig-file=\"https:\/\/i0.wp.com\/klairielionaki.com\/fr\/wp-content\/uploads\/2017\/11\/web_realite-5x4-slabel.jpeg?fit=300%2C240\" data-orig-size=\"300,240\" data-comments-opened=\"0\" data-image-meta=\"{&quot;aperture&quot;:&quot;0&quot;,&quot;credit&quot;:&quot;&quot;,&quot;camera&quot;:&quot;&quot;,&quot;caption&quot;:&quot;&quot;,&quot;created_timestamp&quot;:&quot;1210885286&quot;,&quot;copyright&quot;:&quot;&quot;,&quot;focal_length&quot;:&quot;0&quot;,&quot;iso&quot;:&quot;0&quot;,&quot;shutter_speed&quot;:&quot;0&quot;,&quot;title&quot;:&quot;&quot;,&quot;orientation&quot;:&quot;1&quot;}\" data-image-title=\"web_realite-5&#215;4-s+label\" data-image-description=\"\" data-image-caption=\"\" data-medium-file=\"https:\/\/i0.wp.com\/klairielionaki.com\/fr\/wp-content\/uploads\/2017\/11\/web_realite-5x4-slabel.jpeg?fit=300%2C240\" data-large-file=\"https:\/\/i0.wp.com\/klairielionaki.com\/fr\/wp-content\/uploads\/2017\/11\/web_realite-5x4-slabel.jpeg?fit=300%2C240\" loading=\"lazy\" width=\"300\" height=\"240\" src=\"https:\/\/i0.wp.com\/klairielionaki.com\/fr\/wp-content\/uploads\/2017\/11\/web_realite-5x4-slabel.jpeg?resize=300%2C240\" alt=\"\" class=\"wp-image-319\" data-recalc-dims=\"1\"><\/a><\/figure><\/div>\n<\/div><\/div>\n\n\n\n<div class=\"wp-block-image\"><figure class=\"alignleft is-resized\"><a href=\"http:\/\/klairielionaki.com\/fr\/project-type\/workshops\/\"><img data-attachment-id=\"318\" data-permalink=\"http:\/\/klairielionaki.com\/fr\/main-page\/startup-stock-photos-3\/\" data-orig-file=\"https:\/\/i0.wp.com\/klairielionaki.com\/fr\/wp-content\/uploads\/2017\/11\/people-coffee-notes-tea5x4-swrkshps.jpeg?fit=300%2C240\" data-orig-size=\"300,240\" data-comments-opened=\"0\" data-image-meta=\"{&quot;aperture&quot;:&quot;4&quot;,&quot;credit&quot;:&quot;Eric Bailey&quot;,&quot;camera&quot;:&quot;Canon EOS 6D&quot;,&quot;caption&quot;:&quot;Startup Stock Photos&quot;,&quot;created_timestamp&quot;:&quot;1406802203&quot;,&quot;copyright&quot;:&quot;Sculpt, LLC&quot;,&quot;focal_length&quot;:&quot;70&quot;,&quot;iso&quot;:&quot;1600&quot;,&quot;shutter_speed&quot;:&quot;0.00125&quot;,&quot;title&quot;:&quot;Startup Stock Photos&quot;,&quot;orientation&quot;:&quot;1&quot;}\" data-image-title=\"\" data-image-description=\"\" data-image-caption=\"\" data-medium-file=\"https:\/\/i0.wp.com\/klairielionaki.com\/fr\/wp-content\/uploads\/2017\/11\/people-coffee-notes-tea5x4-swrkshps.jpeg?fit=300%2C240\" data-large-file=\"https:\/\/i0.wp.com\/klairielionaki.com\/fr\/wp-content\/uploads\/2017\/11\/people-coffee-notes-tea5x4-swrkshps.jpeg?fit=300%2C240\" loading=\"lazy\" src=\"https:\/\/i0.wp.com\/klairielionaki.com\/fr\/wp-content\/uploads\/2017\/11\/people-coffee-notes-tea5x4-swrkshps.jpeg?resize=300%2C240\" alt=\"\" class=\"wp-image-318\" width=\"300\" height=\"240\"  data-recalc-dims=\"1\"><\/a><\/figure><\/div>\n<\/div><\/div>\n\n\n\n<div class=\"wp-block-image\"><figure class=\"alignleft is-resized\"><a href=\"http:\/\/klairielionaki.com\/fr\/project-type\/direction-artistique\/\"><img data-attachment-id=\"491\" data-permalink=\"http:\/\/klairielionaki.com\/fr\/main-page\/amours-promperf-023777-button2label\/\" data-orig-file=\"https:\/\/i0.wp.com\/klairielionaki.com\/fr\/wp-content\/uploads\/2020\/08\/Amours-promperf-023777-button2label.jpg?fit=300%2C240\" data-orig-size=\"300,240\" data-comments-opened=\"0\" data-image-meta=\"{&quot;aperture&quot;:&quot;0&quot;,&quot;credit&quot;:&quot;&quot;,&quot;camera&quot;:&quot;&quot;,&quot;caption&quot;:&quot;&quot;,&quot;created_timestamp&quot;:&quot;0&quot;,&quot;copyright&quot;:&quot;&quot;,&quot;focal_length&quot;:&quot;0&quot;,&quot;iso&quot;:&quot;0&quot;,&quot;shutter_speed&quot;:&quot;0&quot;,&quot;title&quot;:&quot;&quot;,&quot;orientation&quot;:&quot;1&quot;}\" data-image-title=\"Amours-promperf-023777-button2label\" data-image-description=\"\" data-image-caption=\"\" data-medium-file=\"https:\/\/i0.wp.com\/klairielionaki.com\/fr\/wp-content\/uploads\/2020\/08\/Amours-promperf-023777-button2label.jpg?fit=300%2C240\" data-large-file=\"https:\/\/i0.wp.com\/klairielionaki.com\/fr\/wp-content\/uploads\/2020\/08\/Amours-promperf-023777-button2label.jpg?fit=300%2C240\" loading=\"lazy\" src=\"https:\/\/i0.wp.com\/klairielionaki.com\/fr\/wp-content\/uploads\/2020\/08\/Amours-promperf-023777-button2label.jpg?resize=300%2C240\" alt=\"\" class=\"wp-image-491\" width=\"300\" height=\"240\"  data-recalc-dims=\"1\"><\/a><\/figure><\/div>\n\n\n\n<p><\/p>\n","protected":false},"excerpt":{"rendered":"","protected":false},"author":1,"featured_media":0,"parent":0,"menu_order":0,"comment_status":"closed","ping_status":"closed","template":"templates\/full-width-page.php","meta":{"spay_email":""},"jetpack_sharing_enabled":true,"jetpack_shortlink":"https:\/\/wp.me\/P8mY4r-2l","jetpack-related-posts":[],"_links":{"self":[{"href":"http:\/\/klairielionaki.com\/fr\/wp-json\/wp\/v2\/pages\/145"}],"collection":[{"href":"http:\/\/klairielionaki.com\/fr\/wp-json\/wp\/v2\/pages"}],"about":[{"href":"http:\/\/klairielionaki.com\/fr\/wp-json\/wp\/v2\/types\/page"}],"author":[{"embeddable":true,"href":"http:\/\/klairielionaki.com\/fr\/wp-json\/wp\/v2\/users\/1"}],"replies":[{"embeddable":true,"href":"http:\/\/klairielionaki.com\/fr\/wp-json\/wp\/v2\/comments?post=145"}],"version-history":[{"count":27,"href":"http:\/\/klairielionaki.com\/fr\/wp-json\/wp\/v2\/pages\/145\/revisions"}],"predecessor-version":[{"id":728,"href":"http:\/\/klairielionaki.com\/fr\/wp-json\/wp\/v2\/pages\/145\/revisions\/728"}],"wp:attachment":[{"href":"http:\/\/klairielionaki.com\/fr\/wp-json\/wp\/v2\/media?parent=145"}],"curies":[{"name":"wp","href":"https:\/\/api.w.org\/{rel}","templated":true}]}}