{"id":297,"date":"2017-11-29T12:09:37","date_gmt":"2017-11-29T11:09:37","guid":{"rendered":"http:\/\/klairielionaki.com\/fr\/?page_id=297"},"modified":"2020-08-25T17:41:01","modified_gmt":"2020-08-25T15:41:01","slug":"bio","status":"publish","type":"page","link":"http:\/\/klairielionaki.com\/fr\/bio\/","title":{"rendered":"bio"},"content":{"rendered":"\n<h1>Klairie Lionaki<\/h1>\n\n\n\n<div class=\"wp-block-image\"><figure class=\"aligncenter\"><img data-attachment-id=\"39\" data-permalink=\"http:\/\/klairielionaki.com\/fr\/cv\/klairie-bio\/\" data-orig-file=\"https:\/\/i0.wp.com\/klairielionaki.com\/fr\/wp-content\/uploads\/2017\/02\/klairie-bio.jpg?fit=653%2C619\" data-orig-size=\"653,619\" data-comments-opened=\"1\" data-image-meta=\"{&quot;aperture&quot;:&quot;0&quot;,&quot;credit&quot;:&quot;&quot;,&quot;camera&quot;:&quot;MP Navigator EX 2.0&quot;,&quot;caption&quot;:&quot;&quot;,&quot;created_timestamp&quot;:&quot;1265394541&quot;,&quot;copyright&quot;:&quot;&quot;,&quot;focal_length&quot;:&quot;0&quot;,&quot;iso&quot;:&quot;0&quot;,&quot;shutter_speed&quot;:&quot;0&quot;,&quot;title&quot;:&quot;&quot;,&quot;orientation&quot;:&quot;1&quot;}\" data-image-title=\"klairie-bio\" data-image-description=\"\" data-image-caption=\"\" data-medium-file=\"https:\/\/i0.wp.com\/klairielionaki.com\/fr\/wp-content\/uploads\/2017\/02\/klairie-bio.jpg?fit=300%2C284\" data-large-file=\"https:\/\/i0.wp.com\/klairielionaki.com\/fr\/wp-content\/uploads\/2017\/02\/klairie-bio.jpg?fit=653%2C619\" loading=\"lazy\" width=\"300\" height=\"284\" src=\"https:\/\/i0.wp.com\/klairielionaki.com\/fr\/wp-content\/uploads\/2017\/02\/klairie-bio.jpg?resize=300%2C284\" alt=\"\" class=\"wp-image-39\" srcset=\"https:\/\/i0.wp.com\/klairielionaki.com\/fr\/wp-content\/uploads\/2017\/02\/klairie-bio.jpg?resize=300%2C284 300w, https:\/\/i0.wp.com\/klairielionaki.com\/fr\/wp-content\/uploads\/2017\/02\/klairie-bio.jpg?w=653 653w\" sizes=\"(max-width: 300px) 100vw, 300px\" data-recalc-dims=\"1\" \/><\/figure><\/div>\n\n\n\n<pre class=\"wp-block-preformatted\">Auteur dramatique et metteur en sc\u00e8ne, n\u00e9e en Cr\u00e8te (Gr\u00e8ce), elle vit \u00e0 Strasbourg.\n\u00a0\nDans son \u00e9criture th\u00e9\u00e2trale elle s\u2019interroge sur la forme et sur la construction\/d\u00e9construction de la narration. Elle se sert de divers dispositifs comme sources d\u2019inspiration, tels la vid\u00e9o o\u00f9 l\u2019interactivit\u00e9, li\u00e9s organiquement au texte \u2013 explorant les possibilit\u00e9s que les nouvelles technologies peuvent offrir \u00e0 l\u2019\u00e9criture th\u00e9\u00e2trale. Les th\u00e8mes de ses pi\u00e8ces sont souvent inspir\u00e9s des situations quotidiennes ou m\u00eame banales qui deviennent imposantes et significatives pour les personnages dans l\u2019\u00e9volution de la narration.\n\u00a0\nSes pi\u00e8ces sont publi\u00e9es et pr\u00e9sent\u00e9es en Gr\u00e8ce, en Angleterre, en France et en Bosnie-Herz\u00e9govine. En 2013, sa pi\u00e8ce\u00a0<em><a href=\"http:\/\/klairielionaki.com\/fr\/portfolio\/la-liste-i-lista\/\">La liste<\/a><\/em>\u00a0a \u00e9t\u00e9 s\u00e9lectionn\u00e9e par le Minist\u00e8re de la Culture pour repr\u00e9senter la Gr\u00e8ce au Festival International de Th\u00e9\u00e2tre \u00e0 Sarajevo o\u00f9 elle a obtenu le prix du meilleur\u00a0spectacle du festival. Ce texte avait \u00e9t\u00e9 command\u00e9 par le festival\u00a0<em><a href=\"https:\/\/analogiofestival.org\/\">Analogio<\/a><\/em>\u00a02012 et pr\u00e9sent\u00e9 au\u00a0Th\u00e9\u00e2tre National d'Ath\u00e8nes. Durant juillet 2015, ce m\u00eame texte a servi comme base textuelle \u00e0 la cr\u00e9ation de l'installation th\u00e9\u00e2trale et sonore Acousmeaucorps \u2013 La Liste pr\u00e9sent\u00e9e au Shadok \u2013 Fabrique du num\u00e9rique, Strasbourg. Sa pi\u00e8ce\u00a0<a href=\"http:\/\/klairielionaki.com\/fr\/portfolio\/dansons-chorevoume-piece\/\">Dansons?<\/a>\u00a0a \u00e9t\u00e9 utilis\u00e9e comme livret pour un op\u00e9ra de Yiorgos Vassilandonakis, command\u00e9 par l\u2019Op\u00e9ra National d\u2019Ath\u00e8nes en 2008, puis pr\u00e9sent\u00e9 lors du symposium\u00a0Text in Context\u00a0au Royal Festival Hall dans le cadre du Festival Litt\u00e9raire de Londres en 2010, pour \u00eatre ensuite publi\u00e9e dans le magazine litt\u00e9raire BRAND \u00e0 Londres en 2011. Sa pi\u00e8ce\u00a0<a href=\"http:\/\/klairielionaki.com\/fr\/portfolio\/realite\/\">R\u00e9alit\u00e9<\/a>\u00a0a \u00e9t\u00e9 pr\u00e9sent\u00e9e au Th\u00e9\u00e2tre National d\u2019Ath\u00e8nes dans le cadre du festival\u00a0<em>Analogio<\/em>\u00a02010, ayant \u00e9t\u00e9 mont\u00e9e de sa propre mise en sc\u00e8ne en 2008 \u00e0 Paris au Th\u00e9\u00e2tre de la Reine Blanche.\n\u00a0\nEn 2014 elle obtient un dipl\u00f4me de Master 2 en \u00c9tudes Th\u00e9\u00e2trales \u00e0 l'Universit\u00e9 de Paris III,\u00a0Sorbonne Nouvelle.\n\u00a0\nKlairie Lionaki fait partie\u00a0de l'\u00e9dition\u00a0<em>Dramatic and stage writing in Greece\u00a0\u2013\u00a0Analogio\u00a02005-2017<\/em>, un tome consacr\u00e9 \u00e0 l'\u00e9criture th\u00e9\u00e2trale contemporaine grecque \u2013 \u00e9dit\u00e9 par la\u00a0<a href=\"http:\/\/costopoulosfoundation.org\/en\/productions\/analogio-2005-2017\/\">Fondation J. F.\u00a0Costopoulos<\/a>\u00a0dans une version grecque et une version anglaise.\n\u00a0\nDepuis 2018\u00a0elle est pr\u00e9sidente de\u00a0<a href=\"https:\/\/www.la-friche.com\/\"><em>La-Fr<\/em>iche<\/a>\u00a0\u2013 association productrice et organisatrice du spectacle vivant. Elle a anim\u00e9 le\u00a0<strong>P\u00f4le d\u2019\u00e9criture\u00a0<\/strong>de La-Friche, des rencontres mensuelles d\u2019\u00e9crivains\/artiste pour soutenir les artistes en voie de cr\u00e9ation. Elle fait partie du collectif d\u2019artistes\u00a0OZart\u00a0qui s\u2019interrogent autour la cr\u00e9ation sc\u00e9nique contemporaine. Sa mise en sc\u00e8ne intitul\u00e9\u00a0:\u00a0<em>Sur l\u2019eau<\/em>, d\u2019apr\u00e8s les notes de voyage de Guy de Maupassant, sera cr\u00e9\u00e9e en 2021 avec le collectif\u00a0OZart. Elle est en train de mettre en place un texte bas\u00e9 sur la notion de l\u2019\u00e9criture du plateau en collaboration avec les com\u00e9diens grecs en utilisant les plateformes sur internet. Cette cr\u00e9ation serrait pr\u00e9sent\u00e9e \u00e0 Ath\u00e8nes en 2022.<\/pre>\n\n\n\n<p>voir -&gt; <a href=\"http:\/\/klairielionaki.com\/fr\/cv\/\" data-type=\"URL\" data-id=\"http:\/\/klairielionaki.com\/fr\/cv\/\">CV<\/a><\/p>\n","protected":false},"excerpt":{"rendered":"<p>Klairie Lionaki Auteur dramatique et metteur en sc\u00e8ne, n\u00e9e en Cr\u00e8te (Gr\u00e8ce), elle vit \u00e0 Strasbourg. \u00a0 Dans son \u00e9criture th\u00e9\u00e2trale elle s\u2019interroge sur la forme et sur la construction\/d\u00e9construction de la narration. Elle se sert de divers dispositifs comme sources d\u2019inspiration, tels la vid\u00e9o o\u00f9 l\u2019interactivit\u00e9, li\u00e9s organiquement au texte \u2013 explorant les possibilit\u00e9s&#8230; <a class=\"more-link\" href=\"http:\/\/klairielionaki.com\/fr\/bio\/#more-297\">Lire la Suite &rarr;<\/a><\/p>\n","protected":false},"author":1,"featured_media":0,"parent":0,"menu_order":0,"comment_status":"closed","ping_status":"closed","template":"","meta":{"spay_email":""},"jetpack_sharing_enabled":true,"jetpack_shortlink":"https:\/\/wp.me\/P8mY4r-4N","jetpack-related-posts":[{"id":37,"url":"http:\/\/klairielionaki.com\/fr\/cv\/","url_meta":{"origin":297,"position":0},"title":"cv","date":"5 f\u00e9vrier 2017","format":false,"excerpt":"Klairie Lionaki Auteur dramatique et metteur en sc\u00e8ne, n\u00e9e en Cr\u00e8te (Gr\u00e8ce), elle vit \u00e0 Strasbourg. Dans son \u00e9criture th\u00e9\u00e2trale elle s\u2019interroge sur la forme et sur la construction\/d\u00e9construction de la narration. Elle se sert de divers dispositifs comme sources d\u2019inspiration, tels la vid\u00e9o o\u00f9 l\u2019interactivit\u00e9, li\u00e9s organiquement au texte\u2026","rel":"","context":"Article similaire","img":{"alt_text":"","src":"https:\/\/i0.wp.com\/klairielionaki.com\/fr\/wp-content\/uploads\/2017\/02\/klairie-bio.jpg?resize=350%2C200","width":350,"height":200},"classes":[]},{"id":2,"url":"http:\/\/klairielionaki.com\/fr\/page-d-exemple\/","url_meta":{"origin":297,"position":1},"title":"Page d&rsquo;exemple","date":"5 f\u00e9vrier 2017","format":false,"excerpt":"Voici un exemple de page. Elle est diff\u00e9rente d\u2019un article de blog, en cela qu\u2019elle restera \u00e0 la m\u00eame place, et s\u2019affichera dans le menu de navigation de votre site (en fonction de votre th\u00e8me). La plupart des gens commencent par \u00e9crire une page \u00ab \u00c0 Propos \u00bb qui les\u2026","rel":"","context":"Article similaire","img":{"alt_text":"","src":"","width":0,"height":0},"classes":[]},{"id":11,"url":"http:\/\/klairielionaki.com\/fr\/une-section-de-page-daccueil\/","url_meta":{"origin":297,"position":2},"title":"Une section de page d\u2019accueil","date":"5 f\u00e9vrier 2017","format":false,"excerpt":"C\u2019est un exemple de section de page d\u2019accueil. Les sections de page d\u2019accueil peuvent \u00eatre n\u2019importe quelle page autre que la page d\u2019accueil elle-m\u00eame, y compris la page qui affiche vos derniers articles de blog.","rel":"","context":"Article similaire","img":{"alt_text":"","src":"https:\/\/i0.wp.com\/klairielionaki.com\/fr\/wp-content\/uploads\/2017\/02\/Amc-LaListe-Shadok-1-1200.png?fit=1200%2C720&resize=350%2C200","width":350,"height":200},"classes":[]},{"id":8,"url":"http:\/\/klairielionaki.com\/fr\/a-propos-de\/","url_meta":{"origin":297,"position":3},"title":"\u00c0 propos de","date":"5 f\u00e9vrier 2017","format":false,"excerpt":"Vous pourriez \u00eatre un artiste et vouloir pr\u00e9senter vos travaux et vous m\u00eame ou encore \u00eatre une entreprise avec une mission \u00e0 promouvoir.","rel":"","context":"Article similaire","img":{"alt_text":"","src":"https:\/\/i0.wp.com\/klairielionaki.com\/fr\/wp-content\/uploads\/2017\/02\/IMG_5073-lista-stagefloor-1200.jpg?fit=1200%2C720&resize=350%2C200","width":350,"height":200},"classes":[]}],"_links":{"self":[{"href":"http:\/\/klairielionaki.com\/fr\/wp-json\/wp\/v2\/pages\/297"}],"collection":[{"href":"http:\/\/klairielionaki.com\/fr\/wp-json\/wp\/v2\/pages"}],"about":[{"href":"http:\/\/klairielionaki.com\/fr\/wp-json\/wp\/v2\/types\/page"}],"author":[{"embeddable":true,"href":"http:\/\/klairielionaki.com\/fr\/wp-json\/wp\/v2\/users\/1"}],"replies":[{"embeddable":true,"href":"http:\/\/klairielionaki.com\/fr\/wp-json\/wp\/v2\/comments?post=297"}],"version-history":[{"count":6,"href":"http:\/\/klairielionaki.com\/fr\/wp-json\/wp\/v2\/pages\/297\/revisions"}],"predecessor-version":[{"id":653,"href":"http:\/\/klairielionaki.com\/fr\/wp-json\/wp\/v2\/pages\/297\/revisions\/653"}],"wp:attachment":[{"href":"http:\/\/klairielionaki.com\/fr\/wp-json\/wp\/v2\/media?parent=297"}],"curies":[{"name":"wp","href":"https:\/\/api.w.org\/{rel}","templated":true}]}}