{"id":37,"date":"2017-02-05T23:07:41","date_gmt":"2017-02-05T22:07:41","guid":{"rendered":"http:\/\/klairielionaki.com\/fr\/?page_id=37"},"modified":"2020-09-01T20:30:38","modified_gmt":"2020-09-01T18:30:38","slug":"cv","status":"publish","type":"page","link":"http:\/\/klairielionaki.com\/fr\/cv\/","title":{"rendered":"cv"},"content":{"rendered":"\n<h1 class=\"has-text-align-center\">Klairie Lionaki<\/h1>\n\n\n\n<div class=\"wp-block-image\"><figure class=\"aligncenter\"><img data-attachment-id=\"39\" data-permalink=\"http:\/\/klairielionaki.com\/fr\/cv\/klairie-bio\/\" data-orig-file=\"https:\/\/i0.wp.com\/klairielionaki.com\/fr\/wp-content\/uploads\/2017\/02\/klairie-bio.jpg?fit=653%2C619\" data-orig-size=\"653,619\" data-comments-opened=\"1\" data-image-meta=\"{&quot;aperture&quot;:&quot;0&quot;,&quot;credit&quot;:&quot;&quot;,&quot;camera&quot;:&quot;MP Navigator EX 2.0&quot;,&quot;caption&quot;:&quot;&quot;,&quot;created_timestamp&quot;:&quot;1265394541&quot;,&quot;copyright&quot;:&quot;&quot;,&quot;focal_length&quot;:&quot;0&quot;,&quot;iso&quot;:&quot;0&quot;,&quot;shutter_speed&quot;:&quot;0&quot;,&quot;title&quot;:&quot;&quot;,&quot;orientation&quot;:&quot;1&quot;}\" data-image-title=\"klairie-bio\" data-image-description=\"\" data-image-caption=\"\" data-medium-file=\"https:\/\/i0.wp.com\/klairielionaki.com\/fr\/wp-content\/uploads\/2017\/02\/klairie-bio.jpg?fit=300%2C284\" data-large-file=\"https:\/\/i0.wp.com\/klairielionaki.com\/fr\/wp-content\/uploads\/2017\/02\/klairie-bio.jpg?fit=653%2C619\" loading=\"lazy\" width=\"300\" height=\"284\" src=\"https:\/\/i0.wp.com\/klairielionaki.com\/fr\/wp-content\/uploads\/2017\/02\/klairie-bio.jpg?resize=300%2C284\" alt=\"\" class=\"wp-image-39\" srcset=\"https:\/\/i0.wp.com\/klairielionaki.com\/fr\/wp-content\/uploads\/2017\/02\/klairie-bio.jpg?resize=300%2C284 300w, https:\/\/i0.wp.com\/klairielionaki.com\/fr\/wp-content\/uploads\/2017\/02\/klairie-bio.jpg?w=653 653w\" sizes=\"(max-width: 300px) 100vw, 300px\" data-recalc-dims=\"1\" \/><\/figure><\/div>\n\n\n\n<p>Auteur dramatique et metteur en sc\u00e8ne, n\u00e9e en Cr\u00e8te (Gr\u00e8ce), elle vit \u00e0 Strasbourg.<\/p>\n\n\n\n<p>Dans son \u00e9criture th\u00e9\u00e2trale elle s\u2019interroge sur la forme et sur la construction\/d\u00e9construction de la narration. Elle se sert de divers dispositifs comme sources d\u2019inspiration, tels la vid\u00e9o o\u00f9 l\u2019interactivit\u00e9, li\u00e9s organiquement au texte \u2013 explorant les possibilit\u00e9s que les nouvelles technologies peuvent offrir \u00e0 l\u2019\u00e9criture th\u00e9\u00e2trale. Les th\u00e8mes de ses pi\u00e8ces sont souvent inspir\u00e9s des situations quotidiennes ou m\u00eame banales qui deviennent imposantes et significatives pour les personnages dans l\u2019\u00e9volution de la narration. [&#8230;]<\/p>\n\n\n\n<p>voir -&gt;  <a href=\"http:\/\/klairielionaki.com\/fr\/bio\/\">Bio courte<\/a><\/p>\n\n\n\n<hr class=\"wp-block-separator\"\/>\n\n\n\n<h2 class=\"has-text-align-center\">Formation<\/h2>\n\n\n\n<ul><li>Dipl\u00f4me de Master 2 en \u00c9tudes Th\u00e9\u00e2trales en 2014 \u00e0 <strong>l&rsquo;Universit\u00e9 de Paris III Sorbonne Nouvelle<\/strong>avec mention Tr\u00e8s Bien&nbsp;: <em>Les Oiseaux de Karolos Koun, \u00e9tude historique, dramaturgique et esth\u00e9tique, <\/em>directeur du m\u00e9moire M. Romain Piana.<\/li><\/ul>\n\n\n\n<ul><li>Elle a suivi divers ateliers et s\u00e9minaires de pratique th\u00e9\u00e2trale, notamment\u00a0: Tapa Sudana, Simon Abkarian, Catherine Schaub, GiannisKakleas,\u00a0Giorgos\u00a0Armenis\u00a0et Dimitris Ikonomou.<\/li><\/ul>\n\n\n\n<ul><li>\u00c9cole de th\u00e9\u00e2tre <strong><a href=\"http:\/\/www.veaki.gr\/\" data-type=\"URL\" data-id=\"http:\/\/www.veaki.gr\/\">Veaki<\/a><\/strong>, \u00e0 Ath\u00e8nes (1993-1997), une formation professionnelle et intensive de jeux d\u2019acteur \u2014 pratique dramatique, corporelle et vocale.<\/li><\/ul>\n\n\n\n<ul><li>\u00c9cole de Journalisme&nbsp;: <strong><a href=\"http:\/\/www.ergastiridimosiografias.gr\/\">Laboratoire de journalisme professionnel<\/a><\/strong> \u00e0 Ath\u00e8nes (1987-1990).<\/li><\/ul>\n\n\n\n<hr class=\"wp-block-separator\"\/>\n\n\n\n<h2 class=\"has-text-align-center\"><span lang=\"FR\">\u00c9criture Th\u00e9\u00e2trale<\/span><\/h2>\n\n\n\n<ul><li><strong><em><a href=\"http:\/\/klairielionaki.com\/fr\/portfolio\/la-liste-i-lista\/\" data-type=\"URL\" data-id=\"http:\/\/klairielionaki.com\/fr\/portfolio\/la-liste-i-lista\/\">La Liste<\/a> (I lista)<\/em><\/strong>, 2012<\/li><\/ul>\n\n\n\n<p>Pi\u00e8ce en forme de monologue inspir\u00e9e par la crise \u00e9conomique grecque et la question de ce que signifie la \u00ab&nbsp;patrie&nbsp;\u00bb, elle \u00e9tait command\u00e9e par le Th\u00e9\u00e2tre Nationale d\u2019Ath\u00e8nes pour le festival&nbsp;<em>Analogio 2012<\/em>. En 2013,&nbsp;<em>La liste&nbsp;<\/em>\u00e9tait s\u00e9lectionn\u00e9e par le Minist\u00e8re de la Culture Grec pour&nbsp;repr\u00e9senter la Gr\u00e8ce au 29<sup>e<\/sup>&nbsp;Festival International Sarajevo (<a href=\"https:\/\/www.efa-aef.eu\/en\/members\/424\/\" data-type=\"URL\" data-id=\"https:\/\/www.efa-aef.eu\/en\/members\/424\/\">Sarajevo Winter Festival<\/a>) o\u00f9 elle a obtenu le prix du meilleur spectacle du festival.<\/p>\n\n\n\n<p>C\u2019est une pi\u00e8ce con\u00e7ue d\u00e8s le d\u00e9part pour explorer des liens possibles entre l\u2019\u00e9criture th\u00e9\u00e2trale et une installation sonore interactif bas\u00e9 sur la captation de mouvement. Ainsi en Juin 2012,&nbsp;<em>La liste<\/em>&nbsp;avait servi de base textuelle \u00e0 la cr\u00e9ation de&nbsp;l&rsquo;installation&nbsp;<em>Lieu \u2013 non-lieu&nbsp;<\/em>aux&nbsp;<a href=\"http:\/\/equiparts.fr\/wordpress\/scenoscope-6\/\">MUEs de Saint\u2013Denis : \u00abSC\u00c9NOSCOPE #6\u00bb<\/a>, et en 2015 dans l\u2019installation&nbsp;th\u00e9\u00e2trale et sonore&nbsp;<em>Acousmeaucorps \u2013 La Liste<\/em>&nbsp;au Shadok \u2013 Fabrique du num\u00e9rique, Strasbourg, dans le contexte de l\u2019exposition&nbsp;<em>Espaces Sonores<\/em>.<\/p>\n\n\n\n<ul><li><strong><em><a href=\"http:\/\/klairielionaki.com\/fr\/portfolio\/dansons-chorevoume-piece\/\">Dansons&nbsp;?<\/a><\/em>&nbsp;(<em>Chorevoume&nbsp;?<\/em>),&nbsp;<\/strong>2006-2008<\/li><\/ul>\n\n\n\n<p>Pi\u00e8ce en duo.&nbsp;Elle a servi comme livret pour un op\u00e9ra de&nbsp;Yiorgos Vassilandonakis, command\u00e9 par l\u2019Op\u00e9ra National d\u2019Ath\u00e8nes, sc\u00e8ne exp\u00e9rimentale&nbsp;en 2008. Puis pr\u00e9sent\u00e9e lors du symposium&nbsp;<em>Text in Context<\/em>&nbsp;au Southbank Centre dans le cadre du Festival Litt\u00e9raire de Londres en 2010, pour \u00eatre ensuite publi\u00e9e dans le magazine litt\u00e9raire BRAND \u00e0 Londres (vol. 7, printemps\/\u00e9t\u00e9 2011).<\/p>\n\n\n\n<ul><li><strong><em><a href=\"http:\/\/klairielionaki.com\/fr\/portfolio\/realite\/\" data-type=\"URL\" data-id=\"http:\/\/klairielionaki.com\/fr\/portfolio\/realite\/\">R\u00e9alit\u00e9<\/a> <\/em>(<em>Pragmatikotita<\/em>)<\/strong>, 2007<\/li><\/ul>\n\n\n\n<p>Pi\u00e8ce pour 5 acteurs (jouant plusieurs r\u00f4les) et dispositif vid\u00e9o.&nbsp;Une pi\u00e8ce m\u00e9langeant captations vid\u00e9o et sc\u00e8nes th\u00e9\u00e2trales afin de construire diff\u00e9rentes couches du r\u00e9el. Elle question la \u00ab&nbsp;r\u00e9alit\u00e9&nbsp;\u00bb et notre qu\u00eate du bonheur. Klairie Lionaki a mont\u00e9&nbsp;<em>R\u00e9alit\u00e9<\/em>&nbsp;en 2008 au Th\u00e9\u00e2tre de la Reine Blanche \u00e0 Paris suite \u00e0 plusieurs mois d\u2019ateliers.&nbsp;<em>R\u00e9alit\u00e9<\/em>&nbsp;a \u00e9t\u00e9 \u00e9galement pr\u00e9sent\u00e9e au Th\u00e9\u00e2tre National d\u2019Ath\u00e8nes dans le cadre du festival des nouvelles \u00e9critures&nbsp;<em>Analogio<\/em>&nbsp;<em>2010<\/em>.<\/p>\n\n\n\n<ul><li><strong><em>Trois<\/em> <\/strong><strong>(<em>Tria<\/em>)<\/strong>, 2006<\/li><\/ul>\n\n\n\n<p>Pi\u00e8ce en trois \u00ab&nbsp;volets&nbsp;\u00bb pour 2 acteurs&nbsp;:&nbsp;<em>Au milieu<\/em>,&nbsp;<em>L\u2019homme \u00e0 la t\u00eate lourde<\/em>&nbsp;et&nbsp;<em>Dansons&nbsp;?<\/em>&nbsp;Le troisi\u00e8me volet,&nbsp;<em>Dansons&nbsp;?<\/em>&nbsp;a fait l\u2019objet d\u2019un livret&nbsp;pour un op\u00e9ra de&nbsp;Yiorgos Vassilandonakis, command\u00e9 par l\u2019Op\u00e9ra National d\u2019Ath\u00e8nes en 2008. Dans une version en anglais,&nbsp;<em>Dansons?&nbsp;<\/em>A \u00e9t\u00e9 pr\u00e9sent\u00e9e lors du symposium&nbsp;<em>Text in context&nbsp;<\/em>au Southbank Centre dans le cadre du Festival Litt\u00e9raire de Londres, et ensuite publi\u00e9e dans le magazine litt\u00e9raire BRAND \u00e0 Londres en mai 2011.<\/p>\n\n\n\n<ul><li><strong><em>Perompin et Tzerompin<\/em><\/strong>, 2006<\/li><\/ul>\n\n\n\n<p>Pi\u00e8ce pour public enfants.<\/p>\n\n\n\n<ul><li><strong><em>Ase kato to tromponi<\/em><\/strong><strong>!<\/strong><strong>(Laisse le trombone tranquille&nbsp;!)<\/strong>, 2005<\/li><\/ul>\n\n\n\n<p>Pi\u00e8ce pour public enfants.<\/p>\n\n\n\n<ul><li><strong><em><a href=\"http:\/\/klairielionaki.com\/fr\/portfolio\/le-nez-bleu\/\"><strong><em>Le nez bleu<\/em><\/strong><\/a><strong>&nbsp;(I Galazia Miti)<\/strong><\/em><\/strong><\/li><\/ul>\n\n\n\n<p>Pi\u00e8ce tout public. Un clown se d\u00e9sesp\u00e8re quand il perd son travail faute de son nez \u00ab&nbsp;bizarre&nbsp;\u00bb qui est bleu. Il rencontre un arbre qui est lui aussi d\u00e9sesp\u00e9r\u00e9 parce qu\u2019il est devenu rouge suite \u00e0 une histoire d\u2019amour impossible. Ajoutons une th\u00e9i\u00e8re trou\u00e9e et une protagoniste \u00ab&nbsp;star&nbsp;\u00bb qui n\u2019est capable de ne dire que la phrase&nbsp;<em>je suis une star<\/em>. Ils embarquent tous sur un p\u00e9riple o\u00f9 ils vont d\u00e9couvrir que leurs d\u00e9fauts peuvent faire leur force\u2026&nbsp;<em>Le nez bleu<\/em>&nbsp;a \u00e9t\u00e9 produite \u00e0 Ath\u00e8nes pendant deux saisons 2003 et 2004 au Th\u00e9\u00e2tre municipal d\u2019Alimos \u2013 Karolos Koun, mise en sc\u00e8ne de Barbara Doukas. Elle a aussi \u00e9t\u00e9 jou\u00e9e en 2006 au Lyc\u00e9e et Coll\u00e8ge Erasmus Grec-Allemand, direction Antigoni Drakoulaki.<\/p>\n\n\n\n<hr class=\"wp-block-separator\"\/>\n\n\n\n<h2 class=\"has-text-align-center\"><span lang=\"FR\">Direction Artistique et mise en sc\u00e8ne<\/span><\/h2>\n\n\n\n<ul><li><strong><em>Sur mesure<\/em><\/strong>&nbsp;\u2013 \u00c9criture du plateau \u00e0 travers les plateformes sur internet. Cr\u00e9ation&nbsp;\u00e0 Ath\u00e8nes en 2022<\/li><\/ul>\n\n\n\n<ul><li><strong><em>Sur l\u2019eau<\/em><\/strong>, d\u2019apr\u00e8s le carnet de voyage de Guy de Maupassant, cr\u00e9ation&nbsp;: Strasbourg 2021 avec le Collectif Ozart<\/li><\/ul>\n\n\n\n<ul><li><strong><a href=\"http:\/\/klairielionaki.com\/fr\/portfolio\/fest-7-espace-k\/\">Fest 7<\/a><\/strong>&nbsp;\u2013&nbsp;Direction du Fest 7, festival jeune public organis\u00e9 par La-Friche \u00e0 l\u2019Espace K le 11 May 2019.<\/li><\/ul>\n\n\n\n<ul><li><strong>P\u00f4le \u00e9criture<\/strong>&nbsp;\/La-Friche \u2013 2019, Animation&nbsp;du&nbsp;<strong>P\u00f4le d\u2019\u00e9criture&nbsp;<\/strong>de La-Friche, des rencontres mensuelles d\u2019\u00e9crivains\/artiste pour soutenir les artistes en voie de cr\u00e9ation.<\/li><\/ul>\n\n\n\n<ul><li><a href=\"http:\/\/klairielionaki.com\/fr\/portfolio\/amours-2-2019\/\"><strong><em>Amours #2<\/em><\/strong><\/a><strong><em>&nbsp;\u2013 Promenade \/ Performance<\/em><\/strong><em>&nbsp;<\/em>(f\u00e9vrier 2019)<\/li><\/ul>\n\n\n\n<p>Conception et direction artistique d\u2019une promenade dans le centre-ville de Strasbourg ponctu\u00e9e par des moments th\u00e9\u00e2traux, musicaux, plastiques et chor\u00e9graphiques, 2<sup>\u00e8me<\/sup>&nbsp;\u00e9dition \u2013 inclus dans la programmation officielle de&nbsp;<em>Strasbourg Mon Amour<\/em>. (<a href=\"http:\/\/genevieve-charras.blogspot.com\/2019\/02\/amours-2-promenade-performance-on-ne.html\">Blog de Genevi\u00e8ve Charras<\/a>) (<a href=\"https:\/\/youtu.be\/ZKEa-0Ty6zc\">vid\u00e9o d\u2019extraits<\/a>)<\/p>\n\n\n\n<ul><li><strong><em><a href=\"http:\/\/klairielionaki.com\/fr\/portfolio\/amours-1-2018\/\">Amours #1<\/a>&nbsp;\u2013 Promenade \/ Performance<\/em><\/strong><em>&nbsp;<\/em>(f\u00e9vrier 2018)<\/li><\/ul>\n\n\n\n<p>Conception et direction artistique d\u2019une promenade dans le centre-ville de Strasbourg ponctu\u00e9e par des moments th\u00e9\u00e2traux, musicaux, plastiques et chor\u00e9graphiques, 1<sup>\u00e8re<\/sup>&nbsp;\u00e9dition \u2013 dans la programmation officielle de&nbsp;<em>Strasbourg Mon Amour<\/em>.&nbsp;<\/p>\n\n\n\n<ul><li><strong><em><a href=\"http:\/\/klairielionaki.com\/fr\/portfolio\/projet-decriture-theatrale-2018\/\">Atelier d\u2019\u00e9criture&nbsp;th\u00e9\u00e2trale<\/a><\/em><\/strong><em>&nbsp;<\/em>(janvier\/f\u00e9vrier 2018)<\/li><\/ul>\n\n\n\n<p>Atelier de cr\u00e9ation autour de l\u2019\u00e9criture th\u00e9\u00e2trale contemporaine. Coordination, animation, direction artistique et mise en sc\u00e8ne. Strasbourg.<\/p>\n\n\n\n<ul><li><a href=\"http:\/\/klairielionaki.com\/fr\/portfolio\/realite\/\"><strong><em>R\u00e9alit\u00e9<\/em><\/strong><\/a><strong><em>&nbsp;<\/em><\/strong><strong>(<em>Pragmatikotita<\/em>)<\/strong>, 2007<\/li><\/ul>\n\n\n\n<p>Mise en sc\u00e8ne de sa pi\u00e8ce&nbsp;<em>R\u00e9alit\u00e9<\/em>&nbsp;pour 5 acteurs (jouant plusieurs r\u00f4les) et dispositif vid\u00e9o. Travail par un atelier d\u2019un an avec jeunes acteurs. En 2008 la pi\u00e8ce&nbsp;a \u00e9t\u00e9 jou\u00e9e \u00e0 Paris au Th\u00e9\u00e2tre de la Reine Blanche dans sa propre mise en sc\u00e8ne, et ensuite pr\u00e9sent\u00e9e au Th\u00e9\u00e2tre National d\u2019Ath\u00e8nes dans le cadre du festival&nbsp;<em>Analogio&nbsp;2010<\/em>.<\/p>\n\n\n\n<hr class=\"wp-block-separator\"\/>\n\n\n\n<h2 class=\"has-text-align-center\"><span lang=\"FR\">Com\u00e9dienne<\/span><\/h2>\n\n\n\n<ul><li>Ses premiers pas en th\u00e9\u00e2tre \u00e9tait en tant que com\u00e9dienne avec la troupe de th\u00e9\u00e2tre <em>Selana<\/em>, mise en sc\u00e8ne de Varvara Douka, Ath\u00e8nes, Gr\u00e8ce : <ul><li><em>&#8211; Trainspotting<\/em>(2000)<\/li><li><em>&#8211; Ginaikes kai Polemos<\/em>(1992)<\/li><li><em>&#8211; Amargka<\/em>(1990) <\/li><\/ul><\/li><\/ul>\n\n\n\n<ul><li>R\u00e9citante dans le spectacle <em>Le temps d`un \u00e9clair<\/em>de Tom Mays, textes d&rsquo;OdysseasElytis, Petite sc\u00e8ne du CNAT, Reims (1999), Festival MANCA, Nice (2000)<\/li><\/ul>\n\n\n\n<ul><li>Le menteur, Jean Cocteau \u2013 mise en sc\u00e8ne Dimitra Kondilaki, Th\u00e9\u00e2tre de l\u2019\u00cele Saint Louis, et Le Loup du Faubourg, Paris (1998)<\/li><\/ul>\n\n\n\n<ul><li>Avec la troupe de th\u00e9\u00e2tre Chaniotiko Theatriko Ergasthiri, mise en sc\u00e8ne Elpida Braoudaki <ul><li><em>&#8211; Mesaioniko Paramithi<\/em>(1985)<\/li><li><em>&#8211; Epitheorisi Pistas Bam<\/em>(1986) <\/li><\/ul><\/li><\/ul>\n\n\n\n<hr class=\"wp-block-separator\"\/>\n\n\n\n<h2 class=\"has-text-align-center\">Publications<\/h2>\n\n\n\n<h4>Th\u00e9\u00e2tre<\/h4>\n\n\n\n<ul><li>Klairie Lionaki fait partie de&nbsp;l&rsquo;\u00e9dition&nbsp;<strong><em>Dramatic and stage writing in Greece&nbsp;\u2013&nbsp;Analogio&nbsp;2005-2017<\/em><\/strong>, un tome consacr\u00e9 \u00e0 l&rsquo;\u00e9criture th\u00e9\u00e2trale contemporaine grecque \u2013 \u00e9dit\u00e9 par la&nbsp;<a href=\"http:\/\/costopoulosfoundation.org\/en\/productions\/analogio-2005-2017\/\">Fondation J. F.&nbsp;Costopoulos<\/a>&nbsp;dans une version grecque et une version anglaise.<\/li><\/ul>\n\n\n\n<ul><li><strong><a href=\"http:\/\/klairielionaki.com\/fr\/portfolio\/shall-we-dance-brand7\/\">Shall we dance&nbsp;?<\/a><\/strong>&nbsp;est publi\u00e9 dans le magazine litt\u00e9raire&nbsp;<strong>BRAND&nbsp;<\/strong>\u00e0 Londres, Volume 7, printemps\/\u00e9t\u00e9 2011<\/li><\/ul>\n\n\n\n<h4>Journaliste<\/h4>\n\n\n\n<p>Elle a travaill\u00e9 comme journaliste pour des revues culturelles grecques comme correspondante en France, telles que&nbsp;:<\/p>\n\n\n\n<ul id=\"block-961a5c6e-1131-4387-9117-05417eb9aaf9\"><li>&#8211; <strong>Magazine <em>Konte\u00edner<\/em><\/strong>, suppl\u00e9ment culturelle dans le quotidien <em>Eleftherotypia<\/em>, Ath\u00e8nes, Gr\u00e8ce, 2011.<\/li><li>&#8211; <strong>Magazine <em>Highlights<\/em><\/strong><em>,<\/em> publication mensuelle pour la culture et pour l`art, Ath\u00e8nes, Gr\u00e8ce, 2001-2002.<\/li><li>&#8211; <strong>Magazine <em>Theatis<\/em><\/strong>, publication mensuelle pour la culture et pour l`art, Ath\u00e8nes, Gr\u00e8ce. (2002)<\/li><\/ul>\n\n\n\n<p>Parmi ses articles et interviews&nbsp;: Georges&nbsp;Apergis, Vassilis Alexakis, Bernard Faivre d\u2019Acier (Directeur du Festival d\u2019Avignon),&nbsp;Ilias Petropoulos, Vassiliki Tsekoura, Maria&nbsp;Klonari \u2013 Katherina Thomadaki, Alain&nbsp;La\u00ebron&nbsp;(Centre National des Arts du Cirque), et d\u2019autres.<\/p>\n\n\n\n<h4>Autres publications<\/h4>\n\n\n\n<p>Elle a publi\u00e9 deux livres avec les \u00c9ditions Melani, Ath\u00e8nes, Gr\u00e8ce&nbsp;:<\/p>\n\n\n\n<ul><li><strong>&#8211; Recettes pour b\u00e9b\u00e9s (Syndages gia mora)<\/strong>, recettes de cuisine pour b\u00e9b\u00e9s de 6 \u00e0 24 mois. (2003)<\/li><li><strong>&#8211; <em>Avec la gauche naturellement! (<\/em>Me to aristero fisika!)<\/strong>, conte pour enfants. \u00c9ditions Melani, Ath\u00e8nes, Gr\u00e8ce (2002)<\/li><\/ul>\n\n\n\n<p><\/p>\n","protected":false},"excerpt":{"rendered":"<p>Klairie Lionaki Auteur dramatique et metteur en sc\u00e8ne, n\u00e9e en Cr\u00e8te (Gr\u00e8ce), elle vit \u00e0 Strasbourg. Dans son \u00e9criture th\u00e9\u00e2trale elle s\u2019interroge sur la forme et sur la construction\/d\u00e9construction de la narration. Elle se sert de divers dispositifs comme sources d\u2019inspiration, tels la vid\u00e9o o\u00f9 l\u2019interactivit\u00e9, li\u00e9s organiquement au texte \u2013 explorant les possibilit\u00e9s que&#8230; <a class=\"more-link\" href=\"http:\/\/klairielionaki.com\/fr\/cv\/#more-37\">Lire la Suite &rarr;<\/a><\/p>\n","protected":false},"author":1,"featured_media":0,"parent":0,"menu_order":0,"comment_status":"closed","ping_status":"closed","template":"","meta":{"spay_email":""},"jetpack_sharing_enabled":true,"jetpack_shortlink":"https:\/\/wp.me\/P8mY4r-B","jetpack-related-posts":[{"id":297,"url":"http:\/\/klairielionaki.com\/fr\/bio\/","url_meta":{"origin":37,"position":0},"title":"bio","date":"29 novembre 2017","format":false,"excerpt":"Klairie Lionaki Auteur dramatique et metteur en sc\u00e8ne, n\u00e9e en Cr\u00e8te (Gr\u00e8ce), elle vit \u00e0 Strasbourg. \u00a0 Dans son \u00e9criture th\u00e9\u00e2trale elle s\u2019interroge sur la forme et sur la construction\/d\u00e9construction de la narration. Elle se sert de divers dispositifs comme sources d\u2019inspiration, tels la vid\u00e9o o\u00f9 l\u2019interactivit\u00e9, li\u00e9s organiquement au\u2026","rel":"","context":"Article similaire","img":{"alt_text":"","src":"https:\/\/i0.wp.com\/klairielionaki.com\/fr\/wp-content\/uploads\/2017\/02\/klairie-bio.jpg?resize=350%2C200","width":350,"height":200},"classes":[]},{"id":2,"url":"http:\/\/klairielionaki.com\/fr\/page-d-exemple\/","url_meta":{"origin":37,"position":1},"title":"Page d&rsquo;exemple","date":"5 f\u00e9vrier 2017","format":false,"excerpt":"Voici un exemple de page. Elle est diff\u00e9rente d\u2019un article de blog, en cela qu\u2019elle restera \u00e0 la m\u00eame place, et s\u2019affichera dans le menu de navigation de votre site (en fonction de votre th\u00e8me). La plupart des gens commencent par \u00e9crire une page \u00ab \u00c0 Propos \u00bb qui les\u2026","rel":"","context":"Article similaire","img":{"alt_text":"","src":"","width":0,"height":0},"classes":[]},{"id":11,"url":"http:\/\/klairielionaki.com\/fr\/une-section-de-page-daccueil\/","url_meta":{"origin":37,"position":2},"title":"Une section de page d\u2019accueil","date":"5 f\u00e9vrier 2017","format":false,"excerpt":"C\u2019est un exemple de section de page d\u2019accueil. Les sections de page d\u2019accueil peuvent \u00eatre n\u2019importe quelle page autre que la page d\u2019accueil elle-m\u00eame, y compris la page qui affiche vos derniers articles de blog.","rel":"","context":"Article similaire","img":{"alt_text":"","src":"https:\/\/i0.wp.com\/klairielionaki.com\/fr\/wp-content\/uploads\/2017\/02\/Amc-LaListe-Shadok-1-1200.png?fit=1200%2C720&resize=350%2C200","width":350,"height":200},"classes":[]},{"id":8,"url":"http:\/\/klairielionaki.com\/fr\/a-propos-de\/","url_meta":{"origin":37,"position":3},"title":"\u00c0 propos de","date":"5 f\u00e9vrier 2017","format":false,"excerpt":"Vous pourriez \u00eatre un artiste et vouloir pr\u00e9senter vos travaux et vous m\u00eame ou encore \u00eatre une entreprise avec une mission \u00e0 promouvoir.","rel":"","context":"Article similaire","img":{"alt_text":"","src":"https:\/\/i0.wp.com\/klairielionaki.com\/fr\/wp-content\/uploads\/2017\/02\/IMG_5073-lista-stagefloor-1200.jpg?fit=1200%2C720&resize=350%2C200","width":350,"height":200},"classes":[]}],"_links":{"self":[{"href":"http:\/\/klairielionaki.com\/fr\/wp-json\/wp\/v2\/pages\/37"}],"collection":[{"href":"http:\/\/klairielionaki.com\/fr\/wp-json\/wp\/v2\/pages"}],"about":[{"href":"http:\/\/klairielionaki.com\/fr\/wp-json\/wp\/v2\/types\/page"}],"author":[{"embeddable":true,"href":"http:\/\/klairielionaki.com\/fr\/wp-json\/wp\/v2\/users\/1"}],"replies":[{"embeddable":true,"href":"http:\/\/klairielionaki.com\/fr\/wp-json\/wp\/v2\/comments?post=37"}],"version-history":[{"count":14,"href":"http:\/\/klairielionaki.com\/fr\/wp-json\/wp\/v2\/pages\/37\/revisions"}],"predecessor-version":[{"id":747,"href":"http:\/\/klairielionaki.com\/fr\/wp-json\/wp\/v2\/pages\/37\/revisions\/747"}],"wp:attachment":[{"href":"http:\/\/klairielionaki.com\/fr\/wp-json\/wp\/v2\/media?parent=37"}],"curies":[{"name":"wp","href":"https:\/\/api.w.org\/{rel}","templated":true}]}}